{"id":64,"date":"2025-08-30T23:09:02","date_gmt":"2025-08-30T23:09:02","guid":{"rendered":"https:\/\/goran.com.co\/site\/about\/"},"modified":"2025-08-30T23:09:02","modified_gmt":"2025-08-30T23:09:02","slug":"about","status":"publish","type":"page","link":"https:\/\/goran.com.co\/site\/about\/","title":{"rendered":"About"},"content":{"rendered":"\n\n\n<h2>Nuestra Galer\u00eda de Viajes<\/h2>\n<p>Admira las experiencias que hemos creado. Desde ciudades antiguas hasta costas v\u00edrgenes, nuestra galer\u00eda presenta momentos reales de nuestros viajeros alrededor del mundo.<\/p>\n\n\n\n\n\n\n\n\n\n\n\n\n\n\n\n\n\n\n\n\n\n<h2>\u00a1Bienvenidos a Goran S.A.S.!<\/h2>\n<p>Tu experiencia de compra comienza aqu\u00ed. En Goran S.A.S., nos especializamos en ofrecer productos de alta calidad para una experiencia de compra f\u00e1cil y segura. Ya sea que busques art\u00edculos diversos o piezas decorativas \u00fanicas, nuestro equipo experto te acompa\u00f1a en cada paso. Con a\u00f1os de experiencia y una pasi\u00f3n por la innovaci\u00f3n, hacemos que tus compras sean satisfactorias y memorables. <\/p>\n\n\n\n\n\n<h2>Expertos en Productos<\/h2>\n\n\nSe especializa en productos personalizados para familias y compradores \u00fanicos.\n\n\n\n\n\n\n\nExperta en art\u00edculos de lujo y experiencias premium.\n\n\n\n\n\n\n\nPlanes de compras emocionantes y exploraciones \u00fanicas.\n\n\n\n\n\n\n\nDise\u00f1a escapadas relajantes y retiros de bienestar.\n\n\n\n\n\n\n\n\n\n\n\n<h2>Testimonio de Clientes<\/h2>\n\n\n\nDesde la etapa de selecci\u00f3n hasta la entrega, todo estuvo perfectamente organizado. \u00a1No puedo esperar para hacer mi pr\u00f3xima compra!\n\n\n\n\n\nTrabajar con Goran S.A.S. ha sido una experiencia fant\u00e1stica. Sus productos son de alta calidad y siempre emocionantes.\n\n\n\n\n\nComo gestora de compras, he colaborado con muchas empresas, pero ninguna tan profesional, receptiva y creativa como Goran S.A.S.\n\n\n\n\n\n\n\n\n\n<h2>\u00a1Explora y Descubre con Goran S.A.S.!<\/h2>\n<P>Deja que tu experiencia de compra comience con Goran S.A.S., donde cada art\u00edculo se convierte en una joya que contar. Desde los productos m\u00e1s ic\u00f3nicos hasta art\u00edculos \u00fanicos, convertimos tus deseos de compra en realidad. Experimenta una planificaci\u00f3n sin problemas, gu\u00eda experta, y momentos inolvidables, todo con un toque de calidad.<\/P>\n\n\n\n\n\n\n\n\n\n\n\n\n\n\n\n\n\n","protected":false},"excerpt":{"rendered":"","protected":false},"author":1,"featured_media":0,"parent":0,"menu_order":0,"comment_status":"closed","ping_status":"closed","template":"","meta":{"pagelayer_contact_templates":[],"_pagelayer_content":"","footnotes":""},"class_list":["post-64","page","type-page","status-publish","hentry"],"_links":{"self":[{"href":"https:\/\/goran.com.co\/site\/wp-json\/wp\/v2\/pages\/64","targetHints":{"allow":["GET"]}}],"collection":[{"href":"https:\/\/goran.com.co\/site\/wp-json\/wp\/v2\/pages"}],"about":[{"href":"https:\/\/goran.com.co\/site\/wp-json\/wp\/v2\/types\/page"}],"author":[{"embeddable":true,"href":"https:\/\/goran.com.co\/site\/wp-json\/wp\/v2\/users\/1"}],"replies":[{"embeddable":true,"href":"https:\/\/goran.com.co\/site\/wp-json\/wp\/v2\/comments?post=64"}],"version-history":[{"count":0,"href":"https:\/\/goran.com.co\/site\/wp-json\/wp\/v2\/pages\/64\/revisions"}],"wp:attachment":[{"href":"https:\/\/goran.com.co\/site\/wp-json\/wp\/v2\/media?parent=64"}],"curies":[{"name":"wp","href":"https:\/\/api.w.org\/{rel}","templated":true}]}}