{"id":66,"date":"2025-08-30T23:09:02","date_gmt":"2025-08-30T23:09:02","guid":{"rendered":"https:\/\/goran.com.co\/site\/home\/"},"modified":"2025-08-30T23:09:02","modified_gmt":"2025-08-30T23:09:02","slug":"home","status":"publish","type":"page","link":"https:\/\/goran.com.co\/site\/","title":{"rendered":"Home"},"content":{"rendered":"\n\n\n\n\n\n\n\n\n\n\n\n\n\n\n\n\n\n\n\n<h2>Bienvenido a Goran S.A.S.<\/h2>\n<p>Tu experiencia de compra comienza aqu\u00ed. En Goran S.A.S., nos especializamos en crear un entorno de compra \u00fanico y seguro. Ya sea que busques art\u00edculos para prototipos o productos gamer, nuestro equipo est\u00e1 aqu\u00ed para ayudarte en cada paso del camino. Con un enfoque en la calidad y la satisfacci\u00f3n del cliente, facilitar la compra es nuestra misi\u00f3n.<\/p>\n\n\n\n\n\n<h2>Nuestros Servicios<\/h2>\n\n\n\n\n\n\n\n\n\n\n\n\n\n\n\n<h6>Aprovecha Ofertas Especiales<\/h6>\n<h3>\u00a1Descuentos de Hasta el 40%!<\/h3>\n<p>Este verano, crea recuerdos que perduren. Explora productos excepcionales, disfruta de ventajas exclusivas y ahorra hasta un 40% en art\u00edculos seleccionados. \u00a1No pierdas esta oportunidad por tiempo limitado!<\/p>\n\n\n\n\n\n\n\n<h2>Nuestra Galer\u00eda de Productos<\/h2>\n<p>Descubre la magia detr\u00e1s de Goran S.A.S. a trav\u00e9s de nuestra galer\u00eda. Desde art\u00edculos innovadores hasta lo m\u00e1s solicitado, capturamos momentos inolvidables y la calidad que mereces en cada compra.<\/p>\n\n\n\n\n\n\n\n\n\n\n\n\n\n\n\n\n\n\n<h2>Opiniones de Clientes<\/h2>\n\n\n\nDesde la selecci\u00f3n hasta la entrega, todo estuvo perfectamente organizado. \u00a1No puedo esperar para volver a comprar!\n\n\n\n\n\nTrabajar con Goran S.A.S. ha sido una experiencia fant\u00e1stica. Sus productos y servicios son de primera calidad.\n\n\n\n\n\nComo asistente de cliente, he trabajado con muchas empresas, pero ninguna tan profesional y creativa como Goran S.A.S.\n\n\n\n\n\n\n\n\n\n<h2>Compra. Descubre. Recuerda a Goran S.A.S.!<\/h2>\n<p>Deja que tu experiencia de compra comience con Goran S.A.S., donde cada art\u00edculo cuenta una historia. Desde productos \u00fanicos a ofertas excepcionales, convertimos tus deseos en realidad. Disfruta de una compra sin complicaciones con un toque de satisfacci\u00f3n y calidad.<\/p>\n\n\n\n\n\n\n\n\n\n\n\n\n\n\n\n\n\n","protected":false},"excerpt":{"rendered":"","protected":false},"author":1,"featured_media":0,"parent":0,"menu_order":0,"comment_status":"closed","ping_status":"closed","template":"","meta":{"pagelayer_contact_templates":[],"_pagelayer_content":"","footnotes":""},"class_list":["post-66","page","type-page","status-publish","hentry"],"_links":{"self":[{"href":"https:\/\/goran.com.co\/site\/wp-json\/wp\/v2\/pages\/66","targetHints":{"allow":["GET"]}}],"collection":[{"href":"https:\/\/goran.com.co\/site\/wp-json\/wp\/v2\/pages"}],"about":[{"href":"https:\/\/goran.com.co\/site\/wp-json\/wp\/v2\/types\/page"}],"author":[{"embeddable":true,"href":"https:\/\/goran.com.co\/site\/wp-json\/wp\/v2\/users\/1"}],"replies":[{"embeddable":true,"href":"https:\/\/goran.com.co\/site\/wp-json\/wp\/v2\/comments?post=66"}],"version-history":[{"count":0,"href":"https:\/\/goran.com.co\/site\/wp-json\/wp\/v2\/pages\/66\/revisions"}],"wp:attachment":[{"href":"https:\/\/goran.com.co\/site\/wp-json\/wp\/v2\/media?parent=66"}],"curies":[{"name":"wp","href":"https:\/\/api.w.org\/{rel}","templated":true}]}}